{"id":1441,"date":"2026-02-05T15:02:58","date_gmt":"2026-02-05T18:02:58","guid":{"rendered":"https:\/\/yousalaw.com\/?page_id=1441"},"modified":"2026-04-14T01:12:35","modified_gmt":"2026-04-14T04:12:35","slug":"politica-de-privacidade","status":"publish","type":"page","link":"https:\/\/yousalaw.com\/es\/politica-de-privacidade\/","title":{"rendered":"Pol\u00edtica de Privacidade"},"content":{"rendered":"\t\t<div data-elementor-type=\"wp-page\" data-elementor-id=\"1441\" class=\"elementor elementor-1441\" data-elementor-post-type=\"page\">\n\t\t\t\t<div class=\"elementor-element elementor-element-0b3322e e-flex e-con-boxed e-con e-parent\" data-id=\"0b3322e\" data-element_type=\"container\" data-e-type=\"container\" data-settings=\"{&quot;background_background&quot;:&quot;classic&quot;,&quot;sticky&quot;:&quot;top&quot;,&quot;sticky_effects_offset&quot;:50,&quot;sticky_on&quot;:[&quot;desktop&quot;,&quot;tablet&quot;,&quot;mobile&quot;],&quot;sticky_offset&quot;:0,&quot;sticky_anchor_link_offset&quot;:0}\">\n\t\t\t\t\t<div class=\"e-con-inner\">\n\t\t<div class=\"elementor-element elementor-element-d83f03d e-con-full e-flex e-con e-child\" data-id=\"d83f03d\" data-element_type=\"container\" data-e-type=\"container\">\n\t\t\t\t<div class=\"elementor-element elementor-element-ce81b21 elementor-widget__width-initial elementor-icon-list--layout-traditional elementor-list-item-link-full_width elementor-widget elementor-widget-icon-list\" data-id=\"ce81b21\" data-element_type=\"widget\" data-e-type=\"widget\" data-widget_type=\"icon-list.default\">\n\t\t\t\t<div class=\"elementor-widget-container\">\n\t\t\t\t\t\t\t<ul class=\"elementor-icon-list-items\">\n\t\t\t\t\t\t\t<li class=\"elementor-icon-list-item\">\n\t\t\t\t\t\t\t\t\t\t\t<a href=\"#elementor-action%3Aaction%3Dpopup%3Aopen%26settings%3DeyJpZCI6IjI5MDgiLCJ0b2dnbGUiOmZhbHNlfQ%3D%3D\">\n\n\t\t\t\t\t\t\t\t\t\t\t\t<span class=\"elementor-icon-list-icon\">\n\t\t\t\t\t\t\t<svg xmlns=\"http:\/\/www.w3.org\/2000\/svg\" fill=\"#000000\" width=\"800px\" height=\"800px\" viewBox=\"0 0 32 32\"><path d=\"M 3 11 L 3 13 L 29 13 L 29 11 L 3 11 z M 3 19 L 3 21 L 29 21 L 29 19 L 3 19 z\"><\/path><\/svg>\t\t\t\t\t\t<\/span>\n\t\t\t\t\t\t\t\t\t\t<span class=\"elementor-icon-list-text\">Menu<\/span>\n\t\t\t\t\t\t\t\t\t\t\t<\/a>\n\t\t\t\t\t\t\t\t\t<\/li>\n\t\t\t\t\t\t<\/ul>\n\t\t\t\t\t\t<\/div>\n\t\t\t\t<\/div>\n\t\t\t\t<\/div>\n\t\t<div class=\"elementor-element elementor-element-dcf3adf e-con-full e-flex e-con e-child\" data-id=\"dcf3adf\" data-element_type=\"container\" data-e-type=\"container\">\n\t\t\t\t<div class=\"elementor-element elementor-element-ce71e67 elementor-widget__width-inherit logo-branca elementor-widget elementor-widget-image\" data-id=\"ce71e67\" data-element_type=\"widget\" data-e-type=\"widget\" data-widget_type=\"image.default\">\n\t\t\t\t<div class=\"elementor-widget-container\">\n\t\t\t\t\t\t\t\t\t\t\t\t\t\t\t\t<a href=\"https:\/\/yousalaw.com\/es\/\">\n\t\t\t\t\t\t\t<img decoding=\"async\" width=\"163\" height=\"37\" data-src=\"https:\/\/yousalaw.com\/wp-content\/uploads\/2026\/04\/Camada_1-2.png\" class=\"attachment-full size-full wp-image-5256 lazyload\" alt=\"\" data-srcset=\"https:\/\/yousalaw.com\/wp-content\/uploads\/2026\/04\/Camada_1-2.png 163w, https:\/\/yousalaw.com\/wp-content\/uploads\/2026\/04\/Camada_1-2-18x4.png 18w\" data-sizes=\"(max-width: 163px) 100vw, 163px\" src=\"data:image\/svg+xml;base64,PHN2ZyB3aWR0aD0iMSIgaGVpZ2h0PSIxIiB4bWxucz0iaHR0cDovL3d3dy53My5vcmcvMjAwMC9zdmciPjwvc3ZnPg==\" style=\"--smush-placeholder-width: 163px; --smush-placeholder-aspect-ratio: 163\/37;\" \/>\t\t\t\t\t\t\t\t<\/a>\n\t\t\t\t\t\t\t\t\t\t\t\t\t\t\t<\/div>\n\t\t\t\t<\/div>\n\t\t\t\t<div class=\"elementor-element elementor-element-714456f logo-escura elementor-widget elementor-widget-image\" data-id=\"714456f\" data-element_type=\"widget\" data-e-type=\"widget\" data-widget_type=\"image.default\">\n\t\t\t\t<div class=\"elementor-widget-container\">\n\t\t\t\t\t\t\t\t\t\t\t\t\t\t\t\t<a href=\"https:\/\/yousalaw.com\/es\/\">\n\t\t\t\t\t\t\t<img decoding=\"async\" width=\"163\" height=\"37\" data-src=\"https:\/\/yousalaw.com\/wp-content\/uploads\/2026\/04\/Camada_1-2.png\" class=\"attachment-full size-full wp-image-5256 lazyload\" alt=\"\" data-srcset=\"https:\/\/yousalaw.com\/wp-content\/uploads\/2026\/04\/Camada_1-2.png 163w, https:\/\/yousalaw.com\/wp-content\/uploads\/2026\/04\/Camada_1-2-18x4.png 18w\" data-sizes=\"(max-width: 163px) 100vw, 163px\" src=\"data:image\/svg+xml;base64,PHN2ZyB3aWR0aD0iMSIgaGVpZ2h0PSIxIiB4bWxucz0iaHR0cDovL3d3dy53My5vcmcvMjAwMC9zdmciPjwvc3ZnPg==\" style=\"--smush-placeholder-width: 163px; --smush-placeholder-aspect-ratio: 163\/37;\" \/>\t\t\t\t\t\t\t\t<\/a>\n\t\t\t\t\t\t\t\t\t\t\t\t\t\t\t<\/div>\n\t\t\t\t<\/div>\n\t\t\t\t<\/div>\n\t\t<div class=\"elementor-element elementor-element-9b29ca0 e-con-full e-flex e-con e-child\" data-id=\"9b29ca0\" data-element_type=\"container\" data-e-type=\"container\">\n\t\t\t\t<div class=\"elementor-element elementor-element-d01c874 elementor-widget-mobile__width-initial elementor-widget elementor-widget-heading\" data-id=\"d01c874\" data-element_type=\"widget\" data-e-type=\"widget\" data-widget_type=\"heading.default\">\n\t\t\t\t<div class=\"elementor-widget-container\">\n\t\t\t\t\t<h2 class=\"elementor-heading-title elementor-size-default\"><a href=\"#vistos\">Vistos para os EUA<\/a><\/h2>\t\t\t\t<\/div>\n\t\t\t\t<\/div>\n\t\t\t\t<div class=\"elementor-element elementor-element-99aa14b e-transform elementor-align-center elementor-invisible elementor-widget elementor-widget-button\" data-id=\"99aa14b\" data-element_type=\"widget\" data-e-type=\"widget\" data-settings=\"{&quot;_animation_delay&quot;:700,&quot;_transform_scale_effect_hover&quot;:{&quot;unit&quot;:&quot;px&quot;,&quot;size&quot;:1.020000000000000017763568394002504646778106689453125,&quot;sizes&quot;:[]},&quot;_animation&quot;:&quot;fadeInUp&quot;,&quot;_transform_scale_effect_hover_tablet&quot;:{&quot;unit&quot;:&quot;px&quot;,&quot;size&quot;:&quot;&quot;,&quot;sizes&quot;:[]},&quot;_transform_scale_effect_hover_mobile&quot;:{&quot;unit&quot;:&quot;px&quot;,&quot;size&quot;:&quot;&quot;,&quot;sizes&quot;:[]}}\" data-widget_type=\"button.default\">\n\t\t\t\t<div class=\"elementor-widget-container\">\n\t\t\t\t\t\t\t\t\t<div class=\"elementor-button-wrapper\">\n\t\t\t\t\t<a class=\"elementor-button elementor-button-link elementor-size-sm\" href=\"https:\/\/api.whatsapp.com\/send?phone=554831970867&#038;text=Ol%C3%A1%2C%20quero%20saber%20mais%20sobre%20imigra%C3%A7%C3%A3o%20para%20os%20EUA.%20%F0%9F%87%BA%F0%9F%87%B8\" target=\"_blank\">\n\t\t\t\t\t\t<span class=\"elementor-button-content-wrapper\">\n\t\t\t\t\t\t\t\t\t<span class=\"elementor-button-text\">Fale com um especialista<\/span>\n\t\t\t\t\t<\/span>\n\t\t\t\t\t<\/a>\n\t\t\t\t<\/div>\n\t\t\t\t\t\t\t\t<\/div>\n\t\t\t\t<\/div>\n\t\t\t\t<\/div>\n\t\t<div class=\"elementor-element elementor-element-23d51da e-con-full e-flex e-con e-child\" data-id=\"23d51da\" data-element_type=\"container\" data-e-type=\"container\">\n\t\t\t\t<div class=\"elementor-element elementor-element-0ce342f seletor-idioma elementor-widget elementor-widget-shortcode\" data-id=\"0ce342f\" data-element_type=\"widget\" data-e-type=\"widget\" data-widget_type=\"shortcode.default\">\n\t\t\t\t<div class=\"elementor-widget-container\">\n\t\t\t\t\t\t\t<div class=\"elementor-shortcode\"><div class=\"trp-shortcode-switcher__wrapper\"\r\n     style=\"--bg:#ffffff00;--bg-hover:#00000000;--text:#ffffff;--text-hover:#ffffff;--border:none;--border-width:0px;--border-color:#14385200;--border-radius:0px;--flag-radius:0px;--flag-size:18px;--aspect-ratio:4\/3;--font-size:14px;--transition-duration:0.2s\"\r\n     role=\"group\"\r\n     data-open-mode=\"click\">\r\n\r\n    \r\n        <!-- ANCHOR (in-flow only; sizing\/borders; inert) -->\r\n        <div class=\"trp-language-switcher trp-ls-dropdown trp-shortcode-switcher trp-shortcode-anchor trp-open-on-click\"\r\n             aria-hidden=\"true\"\r\n             inert\r\n             data-no-translation>\r\n                <div class=\"trp-current-language-item__wrapper\">\r\n        <a class=\"trp-language-item trp-language-item__default trp-language-item__current\" data-no-translation href=\"https:\/\/yousalaw.com\/es\/wp-json\/wp\/v2\/pages\/1441#TRPLINKPROCESSED\" title=\"ES\"><span class=\"trp-language-item-name\">ES<\/span><\/a>                    <svg class=\"trp-shortcode-arrow\" width=\"20\" height=\"20\" viewBox=\"0 0 20 21\" fill=\"none\" aria-hidden=\"true\" focusable=\"false\" xmlns=\"http:\/\/www.w3.org\/2000\/svg\">\r\n                <path d=\"M5 8L10 13L15 8\" stroke=\"var(--text)\" stroke-width=\"2\" stroke-linecap=\"round\" stroke-linejoin=\"round\"\/>\r\n            <\/svg>\r\n            <\/div>\r\n            <\/div>\r\n\r\n        <!-- OVERLAY (positioned; interactive surface) -->\r\n        <div class=\"trp-language-switcher trp-ls-dropdown trp-shortcode-switcher trp-shortcode-overlay trp-open-on-click\"\r\n             role=\"navigation\"\r\n             aria-label=\"Website language selector\"\r\n             data-no-translation\r\n        >\r\n                <div class=\"trp-current-language-item__wrapper\">\r\n        <div class=\"trp-language-item trp-language-item__default trp-language-item__current\" data-no-translation role=\"button\" aria-expanded=\"false\" tabindex=\"0\" aria-label=\"Change language\" aria-controls=\"trp-shortcode-dropdown-69de4ac601211\"><span class=\"trp-language-item-name\">ES<\/span><\/div>                    <svg class=\"trp-shortcode-arrow\" width=\"20\" height=\"20\" viewBox=\"0 0 20 21\" fill=\"none\" aria-hidden=\"true\" focusable=\"false\" xmlns=\"http:\/\/www.w3.org\/2000\/svg\">\r\n                <path d=\"M5 8L10 13L15 8\" stroke=\"var(--text)\" stroke-width=\"2\" stroke-linecap=\"round\" stroke-linejoin=\"round\"\/>\r\n            <\/svg>\r\n            <\/div>\r\n    \r\n            <div class=\"trp-switcher-dropdown-list\"\r\n                 id=\"trp-shortcode-dropdown-69de4ac601211\"\r\n                 role=\"group\"\r\n                 aria-label=\"Available languages\"\r\n                 hidden\r\n                 inert\r\n            >\r\n                                                            <a class=\"trp-language-item\" href=\"https:\/\/yousalaw.com\/es\/wp-json\/wp\/v2\/pages\/1441#TRPLINKPROCESSED\" title=\"PT\">\r\n                                                                                        <span class=\"trp-language-item-name\" data-no-translation>PT<\/span>\r\n                                                                                <\/a>\r\n                                            <a class=\"trp-language-item\" href=\"https:\/\/yousalaw.com\/es\/wp-json\/wp\/v2\/pages\/1441#TRPLINKPROCESSED\" title=\"EN\">\r\n                                                                                        <span class=\"trp-language-item-name\" data-no-translation>EN<\/span>\r\n                                                                                <\/a>\r\n                                                <\/div>\r\n        <\/div>\r\n\r\n    <\/div>\r\n<\/div>\n\t\t\t\t\t\t<\/div>\n\t\t\t\t<\/div>\n\t\t\t\t<\/div>\n\t\t\t\t\t<\/div>\n\t\t\t\t<\/div>\n\t\t<div class=\"elementor-element elementor-element-61c30fd6 e-flex e-con-boxed e-con e-parent\" data-id=\"61c30fd6\" data-element_type=\"container\" data-e-type=\"container\">\n\t\t\t\t\t<div class=\"e-con-inner\">\n\t\t\t\t<div class=\"elementor-element elementor-element-95e787d elementor-widget elementor-widget-heading\" data-id=\"95e787d\" data-element_type=\"widget\" data-e-type=\"widget\" data-widget_type=\"heading.default\">\n\t\t\t\t<div class=\"elementor-widget-container\">\n\t\t\t\t\t<h2 class=\"elementor-heading-title elementor-size-default\">Pol\u00edtica de Privacidade<\/h2>\t\t\t\t<\/div>\n\t\t\t\t<\/div>\n\t\t\t\t<div class=\"elementor-element elementor-element-1c3d2a6b elementor-widget elementor-widget-text-editor\" data-id=\"1c3d2a6b\" data-element_type=\"widget\" data-e-type=\"widget\" data-widget_type=\"text-editor.default\">\n\t\t\t\t<div class=\"elementor-widget-container\">\n\t\t\t\t\t\t\t\t\t<p><strong>YOUSA LAW<\/strong><\/p>\n<p><!-- \/wp:paragraph --><!-- wp:paragraph --><\/p>\n<p>A Yousa Law valoriza a privacidade e a seguran\u00e7a dos dados de seus usu\u00e1rios. Esta Pol\u00edtica de Privacidade descreve como o aplicativo Yousa Law coleta, utiliza e protege as informa\u00e7\u00f5es fornecidas por voc\u00ea.<\/p>\n<p><!-- \/wp:paragraph --><!-- wp:list {\"ordered\":true} --><\/p>\n<ol class=\"wp-block-list\">\n<li style=\"list-style-type: none;\">\n<ol class=\"wp-block-list\"><!-- wp:list-item --><\/ol>\n<\/li>\n<\/ol>\n<p>\u00a0<\/p>\n<ol class=\"wp-block-list\">\n<li style=\"list-style-type: none;\">\n<ol class=\"wp-block-list\">\n<li><strong>Acesso Restrito<\/strong><br \/>\u00a0O aplicativo Yousa Law n\u00e3o \u00e9 aberto ao p\u00fablico geral. O acesso \u00e9 concedido exclusivamente via convite, com login e senha fornecidos diretamente pela empresa Yousa Law aos seus clientes e parceiros.<br \/><br \/><\/li>\n<li><strong>Coleta de Dados e Permiss\u00f5es<\/strong><br \/>\u00a0Para o funcionamento das suas funcionalidades principais, o aplicativo solicita as seguintes permiss\u00f5es:<br \/>C\u00e2mera: Necess\u00e1ria exclusivamente para a captura e valida\u00e7\u00e3o de documentos. O usu\u00e1rio utiliza a c\u00e2mera para fotografar documentos que precisam ser enviados \u00e0 plataforma.Armazenamento (se aplic\u00e1vel): Para selecionar documentos j\u00e1 existentes no dispositivo para upload.<br \/><br \/><\/li>\n<li><strong>Uso das Informa\u00e7\u00f5es<\/strong><br \/>\u00a0Os dados coletados (imagens de documentos e informa\u00e7\u00f5es de login) s\u00e3o utilizados estritamente para:<br \/>Valida\u00e7\u00e3o de identidade e documentos processuais. Presta\u00e7\u00e3o de servi\u00e7os jur\u00eddicos e administrativos pela Yousa Law. Autentica\u00e7\u00e3o de acesso ao ambiente seguro do aplicativo.<br \/><br \/><\/li>\n<li><strong>Compartilhamento e Armazenamento de Dados<\/strong><br \/>\u00a0Os documentos capturados s\u00e3o enviados de forma criptografada para os servidores da Yousa Law. N\u00e3o compartilhamos dados pessoais ou documentos com terceiros, exceto quando estritamente necess\u00e1rio para a execu\u00e7\u00e3o dos servi\u00e7os jur\u00eddicos contratados ou por determina\u00e7\u00e3o legal.<br \/><br \/><\/li>\n<li><strong>Seguran\u00e7a<\/strong><br \/>\u00a0Implementamos medidas t\u00e9cnicas e organizacionais para proteger seus dados contra acessos n\u00e3o autorizados, perda ou altera\u00e7\u00e3o. O acesso ao aplicativo \u00e9 protegido por credenciais individuais e intransfer\u00edveis.<br \/><br \/><\/li>\n<li><strong>Seus Direitos<\/strong><br \/>\u00a0Como o acesso \u00e9 via convite corporativo, o usu\u00e1rio pode solicitar a exclus\u00e3o de seus dados ou revoga\u00e7\u00e3o de acesso entrando em contato diretamente com a administra\u00e7\u00e3o da Yousa Law atrav\u00e9s do e-mail: tech@yousalaw.com<br \/><br \/><\/li>\n<li><strong>Altera\u00e7\u00f5es nesta Pol\u00edtica<\/strong><br \/>\u00a0Reservamo-nos o direito de atualizar esta pol\u00edtica periodicamente. Recomendamos a consulta regular a este documento.<br \/>\u00a0<br \/><br \/>Contato:<br \/><strong>Yousa Law<br \/><\/strong><strong>E-mail: tech@yousalaw.com<br \/><\/strong><strong>Data da \u00faltima atualiza\u00e7\u00e3o: 05 de fevereiro de 2026.<\/strong><\/li>\n<\/ol>\n<\/li>\n<\/ol>\n<p><!-- \/wp:paragraph --><!-- wp:paragraph --><\/p>\n<p><!-- \/wp:paragraph --><\/p>\t\t\t\t\t\t\t\t<\/div>\n\t\t\t\t<\/div>\n\t\t\t\t\t<\/div>\n\t\t\t\t<\/div>\n\t\t\t\t<\/div>\n\t\t","protected":false},"excerpt":{"rendered":"<p>Menu Vistos para os EUA Fale com um especialista Pol\u00edtica de Privacidade YOUSA LAW A Yousa Law valoriza a privacidade e a seguran\u00e7a dos dados de seus usu\u00e1rios. Esta Pol\u00edtica de Privacidade descreve como o aplicativo Yousa Law coleta, utiliza e protege as informa\u00e7\u00f5es fornecidas por voc\u00ea. \u00a0 Acesso Restrito\u00a0O aplicativo Yousa Law n\u00e3o \u00e9 [&hellip;]<\/p>\n","protected":false},"author":2,"featured_media":0,"parent":0,"menu_order":0,"comment_status":"closed","ping_status":"closed","template":"elementor_header_footer","meta":{"content-type":"","footnotes":""},"class_list":["post-1441","page","type-page","status-publish","hentry"],"yoast_head":"<!-- This site is optimized with the Yoast SEO Premium plugin v27.4 (Yoast SEO v27.4) - https:\/\/yoast.com\/product\/yoast-seo-premium-wordpress\/ -->\n<title>Pol\u00edtica de Privacidade - YOUSA LAW FIRM<\/title>\n<meta name=\"robots\" content=\"index, follow, max-snippet:-1, max-image-preview:large, max-video-preview:-1\" \/>\n<link rel=\"canonical\" href=\"https:\/\/yousalaw.com\/es\/politica-de-privacidade\/\" \/>\n<meta property=\"og:locale\" content=\"es_MX\" \/>\n<meta property=\"og:type\" content=\"article\" \/>\n<meta property=\"og:title\" content=\"Pol\u00edtica de Privacidade\" \/>\n<meta property=\"og:description\" content=\"Menu Vistos para os EUA Fale com um especialista Pol\u00edtica de Privacidade YOUSA LAW A Yousa Law valoriza a privacidade e a seguran\u00e7a dos dados de seus usu\u00e1rios. Esta Pol\u00edtica de Privacidade descreve como o aplicativo Yousa Law coleta, utiliza e protege as informa\u00e7\u00f5es fornecidas por voc\u00ea. \u00a0 Acesso Restrito\u00a0O aplicativo Yousa Law n\u00e3o \u00e9 [&hellip;]\" \/>\n<meta property=\"og:url\" content=\"https:\/\/yousalaw.com\/es\/politica-de-privacidade\/\" \/>\n<meta property=\"og:site_name\" content=\"YOUSA LAW FIRM\" \/>\n<meta property=\"article:publisher\" content=\"https:\/\/www.facebook.com\/profile.php?id=100083304372768\" \/>\n<meta property=\"article:modified_time\" content=\"2026-04-14T04:12:35+00:00\" \/>\n<meta property=\"og:image\" content=\"https:\/\/yousalaw.com\/wp-content\/uploads\/2026\/04\/Camada_1-2.png\" \/>\n\t<meta property=\"og:image:width\" content=\"163\" \/>\n\t<meta property=\"og:image:height\" content=\"37\" \/>\n\t<meta property=\"og:image:type\" content=\"image\/png\" \/>\n<meta name=\"twitter:card\" content=\"summary_large_image\" \/>\n<meta name=\"twitter:label1\" content=\"Tiempo de lectura\" \/>\n\t<meta name=\"twitter:data1\" content=\"3 minutos\" \/>\n<script type=\"application\/ld+json\" class=\"yoast-schema-graph\">{\"@context\":\"https:\\\/\\\/schema.org\",\"@graph\":[{\"@type\":\"WebPage\",\"@id\":\"https:\\\/\\\/yousalaw.com\\\/politica-de-privacidade\\\/\",\"url\":\"https:\\\/\\\/yousalaw.com\\\/politica-de-privacidade\\\/\",\"name\":\"Pol\u00edtica de Privacidade - YOUSA LAW FIRM\",\"isPartOf\":{\"@id\":\"https:\\\/\\\/yousalaw.com\\\/#website\"},\"primaryImageOfPage\":{\"@id\":\"https:\\\/\\\/yousalaw.com\\\/politica-de-privacidade\\\/#primaryimage\"},\"image\":{\"@id\":\"https:\\\/\\\/yousalaw.com\\\/politica-de-privacidade\\\/#primaryimage\"},\"thumbnailUrl\":\"https:\\\/\\\/yousalaw.com\\\/wp-content\\\/uploads\\\/2026\\\/04\\\/Camada_1-2.png\",\"datePublished\":\"2026-02-05T18:02:58+00:00\",\"dateModified\":\"2026-04-14T04:12:35+00:00\",\"breadcrumb\":{\"@id\":\"https:\\\/\\\/yousalaw.com\\\/politica-de-privacidade\\\/#breadcrumb\"},\"inLanguage\":\"es\",\"potentialAction\":[{\"@type\":\"ReadAction\",\"target\":[\"https:\\\/\\\/yousalaw.com\\\/politica-de-privacidade\\\/\"]}]},{\"@type\":\"ImageObject\",\"inLanguage\":\"es\",\"@id\":\"https:\\\/\\\/yousalaw.com\\\/politica-de-privacidade\\\/#primaryimage\",\"url\":\"https:\\\/\\\/yousalaw.com\\\/wp-content\\\/uploads\\\/2026\\\/04\\\/Camada_1-2.png\",\"contentUrl\":\"https:\\\/\\\/yousalaw.com\\\/wp-content\\\/uploads\\\/2026\\\/04\\\/Camada_1-2.png\"},{\"@type\":\"BreadcrumbList\",\"@id\":\"https:\\\/\\\/yousalaw.com\\\/politica-de-privacidade\\\/#breadcrumb\",\"itemListElement\":[{\"@type\":\"ListItem\",\"position\":1,\"name\":\"In\u00edcio\",\"item\":\"https:\\\/\\\/yousalaw.com\\\/\"},{\"@type\":\"ListItem\",\"position\":2,\"name\":\"Pol\u00edtica de Privacidade\"}]},{\"@type\":\"WebSite\",\"@id\":\"https:\\\/\\\/yousalaw.com\\\/#website\",\"url\":\"https:\\\/\\\/yousalaw.com\\\/\",\"name\":\"YOUSA LAW FIRM\",\"description\":\"Somos um escrit\u00f3rio de advocacia especializado em direito de imigra\u00e7\u00e3o, liderado pelo advogado Dr. Ot\u00e1vio Haverroth Silva, licenciado tanto pelo California Bar Association quanto pela Ordem dos Advogados do Brasil. Al\u00e9m disso, somos membro da AILA (American Immigration Lawyers Association), o que assegura que nossas pr\u00e1ticas de imigra\u00e7\u00e3o estejam sempre alinhadas com as mais recentes pol\u00edticas e regulamenta\u00e7\u00f5es dos Estados Unidos.\",\"publisher\":{\"@id\":\"https:\\\/\\\/yousalaw.com\\\/#organization\"},\"potentialAction\":[{\"@type\":\"SearchAction\",\"target\":{\"@type\":\"EntryPoint\",\"urlTemplate\":\"https:\\\/\\\/yousalaw.com\\\/?s={search_term_string}\"},\"query-input\":{\"@type\":\"PropertyValueSpecification\",\"valueRequired\":true,\"valueName\":\"search_term_string\"}}],\"inLanguage\":\"es\"},{\"@type\":\"Organization\",\"@id\":\"https:\\\/\\\/yousalaw.com\\\/#organization\",\"name\":\"YOUSA LAW FIRM\",\"url\":\"https:\\\/\\\/yousalaw.com\\\/\",\"logo\":{\"@type\":\"ImageObject\",\"inLanguage\":\"es\",\"@id\":\"https:\\\/\\\/yousalaw.com\\\/#\\\/schema\\\/logo\\\/image\\\/\",\"url\":\"https:\\\/\\\/yousalaw.com\\\/wp-content\\\/uploads\\\/2025\\\/05\\\/Group-62.png\",\"contentUrl\":\"https:\\\/\\\/yousalaw.com\\\/wp-content\\\/uploads\\\/2025\\\/05\\\/Group-62.png\",\"width\":512,\"height\":512,\"caption\":\"YOUSA LAW FIRM\"},\"image\":{\"@id\":\"https:\\\/\\\/yousalaw.com\\\/#\\\/schema\\\/logo\\\/image\\\/\"},\"sameAs\":[\"https:\\\/\\\/www.facebook.com\\\/profile.php?id=100083304372768\",\"https:\\\/\\\/www.instagram.com\\\/yousalawfirm\\\/\",\"https:\\\/\\\/www.youtube.com\\\/@YOUSALawFirm\",\"https:\\\/\\\/www.linkedin.com\\\/company\\\/yousalawfirm\\\/?viewAsMember=true\"]}]}<\/script>\n<!-- \/ Yoast SEO Premium plugin. -->","yoast_head_json":{"title":"Pol\u00edtica de Privacidade - YOUSA LAW FIRM","robots":{"index":"index","follow":"follow","max-snippet":"max-snippet:-1","max-image-preview":"max-image-preview:large","max-video-preview":"max-video-preview:-1"},"canonical":"https:\/\/yousalaw.com\/es\/politica-de-privacidade\/","og_locale":"es_MX","og_type":"article","og_title":"Pol\u00edtica de Privacidade","og_description":"Menu Vistos para os EUA Fale com um especialista Pol\u00edtica de Privacidade YOUSA LAW A Yousa Law valoriza a privacidade e a seguran\u00e7a dos dados de seus usu\u00e1rios. Esta Pol\u00edtica de Privacidade descreve como o aplicativo Yousa Law coleta, utiliza e protege as informa\u00e7\u00f5es fornecidas por voc\u00ea. \u00a0 Acesso Restrito\u00a0O aplicativo Yousa Law n\u00e3o \u00e9 [&hellip;]","og_url":"https:\/\/yousalaw.com\/es\/politica-de-privacidade\/","og_site_name":"YOUSA LAW FIRM","article_publisher":"https:\/\/www.facebook.com\/profile.php?id=100083304372768","article_modified_time":"2026-04-14T04:12:35+00:00","og_image":[{"width":163,"height":37,"url":"https:\/\/yousalaw.com\/wp-content\/uploads\/2026\/04\/Camada_1-2.png","type":"image\/png"}],"twitter_card":"summary_large_image","twitter_misc":{"Tiempo de lectura":"3 minutos"},"schema":{"@context":"https:\/\/schema.org","@graph":[{"@type":"WebPage","@id":"https:\/\/yousalaw.com\/politica-de-privacidade\/","url":"https:\/\/yousalaw.com\/politica-de-privacidade\/","name":"Pol\u00edtica de Privacidade - YOUSA LAW FIRM","isPartOf":{"@id":"https:\/\/yousalaw.com\/#website"},"primaryImageOfPage":{"@id":"https:\/\/yousalaw.com\/politica-de-privacidade\/#primaryimage"},"image":{"@id":"https:\/\/yousalaw.com\/politica-de-privacidade\/#primaryimage"},"thumbnailUrl":"https:\/\/yousalaw.com\/wp-content\/uploads\/2026\/04\/Camada_1-2.png","datePublished":"2026-02-05T18:02:58+00:00","dateModified":"2026-04-14T04:12:35+00:00","breadcrumb":{"@id":"https:\/\/yousalaw.com\/politica-de-privacidade\/#breadcrumb"},"inLanguage":"es","potentialAction":[{"@type":"ReadAction","target":["https:\/\/yousalaw.com\/politica-de-privacidade\/"]}]},{"@type":"ImageObject","inLanguage":"es","@id":"https:\/\/yousalaw.com\/politica-de-privacidade\/#primaryimage","url":"https:\/\/yousalaw.com\/wp-content\/uploads\/2026\/04\/Camada_1-2.png","contentUrl":"https:\/\/yousalaw.com\/wp-content\/uploads\/2026\/04\/Camada_1-2.png"},{"@type":"BreadcrumbList","@id":"https:\/\/yousalaw.com\/politica-de-privacidade\/#breadcrumb","itemListElement":[{"@type":"ListItem","position":1,"name":"In\u00edcio","item":"https:\/\/yousalaw.com\/"},{"@type":"ListItem","position":2,"name":"Pol\u00edtica de Privacidade"}]},{"@type":"WebSite","@id":"https:\/\/yousalaw.com\/#website","url":"https:\/\/yousalaw.com\/","name":"YOUSA LAW FIRM","description":"Somos un bufete de abogados especializado en derecho de inmigraci\u00f3n, liderado por el abogado Dr. Ot\u00e1vio Haverroth Silva, licenciado tanto por el California Bar Association como por la Orden de Abogados de Brasil. Adem\u00e1s, somos miembros de la AILA (American Immigration Lawyers Association), lo que asegura que nuestras pr\u00e1cticas de inmigraci\u00f3n est\u00e9n siempre alineadas con las pol\u00edticas y regulaciones m\u00e1s recientes de los Estados Unidos.","publisher":{"@id":"https:\/\/yousalaw.com\/#organization"},"potentialAction":[{"@type":"SearchAction","target":{"@type":"EntryPoint","urlTemplate":"https:\/\/yousalaw.com\/?s={search_term_string}"},"query-input":{"@type":"PropertyValueSpecification","valueRequired":true,"valueName":"search_term_string"}}],"inLanguage":"es"},{"@type":"Organization","@id":"https:\/\/yousalaw.com\/#organization","name":"YOUSA LAW FIRM","url":"https:\/\/yousalaw.com\/","logo":{"@type":"ImageObject","inLanguage":"es","@id":"https:\/\/yousalaw.com\/#\/schema\/logo\/image\/","url":"https:\/\/yousalaw.com\/wp-content\/uploads\/2025\/05\/Group-62.png","contentUrl":"https:\/\/yousalaw.com\/wp-content\/uploads\/2025\/05\/Group-62.png","width":512,"height":512,"caption":"YOUSA LAW FIRM"},"image":{"@id":"https:\/\/yousalaw.com\/#\/schema\/logo\/image\/"},"sameAs":["https:\/\/www.facebook.com\/profile.php?id=100083304372768","https:\/\/www.instagram.com\/yousalawfirm\/","https:\/\/www.youtube.com\/@YOUSALawFirm","https:\/\/www.linkedin.com\/company\/yousalawfirm\/?viewAsMember=true"]}]}},"_links":{"self":[{"href":"https:\/\/yousalaw.com\/es\/wp-json\/wp\/v2\/pages\/1441","targetHints":{"allow":["GET"]}}],"collection":[{"href":"https:\/\/yousalaw.com\/es\/wp-json\/wp\/v2\/pages"}],"about":[{"href":"https:\/\/yousalaw.com\/es\/wp-json\/wp\/v2\/types\/page"}],"author":[{"embeddable":true,"href":"https:\/\/yousalaw.com\/es\/wp-json\/wp\/v2\/users\/2"}],"replies":[{"embeddable":true,"href":"https:\/\/yousalaw.com\/es\/wp-json\/wp\/v2\/comments?post=1441"}],"version-history":[{"count":17,"href":"https:\/\/yousalaw.com\/es\/wp-json\/wp\/v2\/pages\/1441\/revisions"}],"predecessor-version":[{"id":5590,"href":"https:\/\/yousalaw.com\/es\/wp-json\/wp\/v2\/pages\/1441\/revisions\/5590"}],"wp:attachment":[{"href":"https:\/\/yousalaw.com\/es\/wp-json\/wp\/v2\/media?parent=1441"}],"curies":[{"name":"wp","href":"https:\/\/api.w.org\/{rel}","templated":true}]}}