{"id":1490,"date":"2026-02-06T15:53:17","date_gmt":"2026-02-06T18:53:17","guid":{"rendered":"https:\/\/yousalaw.com\/?page_id=1490"},"modified":"2026-04-29T10:35:45","modified_gmt":"2026-04-29T13:35:45","slug":"elegibilidade","status":"publish","type":"page","link":"https:\/\/yousalaw.com\/en\/elegibilidade\/","title":{"rendered":"Calculadora de Elegibilidade"},"content":{"rendered":"\n<!-- ============================================\n     YOUSA \u2014 TypeForm Calculadora C (Tracking-Ready)\n     P\u00e1gina: \/elegibilidade\n     TypeForm ID: Lc8LON3R (Live: 01KP6Q9E12K9FQYVDBS0B721NS)\n     Atualizado: Abril 2026\n     ============================================ -->\n\n<!-- 1. ESTILOS DO CONTAINER -->\n<style>\n  .entry-content,\n  .page-content,\n  .post-content,\n  .elementor-widget-container,\n  .wp-block-group,\n  .et_pb_text_inner {\n    padding: 0 !important;\n    margin: 0 !important;\n    max-width: 100% !important;\n  }\n\n  #yousa-typeform-wrapper {\n    width: 100%;\n    min-height: 85vh;\n    height: 85vh;\n    max-height: 900px;\n    border: none;\n    border-radius: 0;\n    overflow: hidden;\n    margin: 0 auto;\n  }\n\n  #yousa-typeform-wrapper iframe {\n    width: 100% !important;\n    height: 100% !important;\n    border: none !important;\n  }\n\n  @media (max-width: 768px) {\n    #yousa-typeform-wrapper {\n      min-height: 75vh;\n      height: 75vh;\n      max-height: none;\n    }\n  }\n\n  @media (max-width: 480px) {\n    #yousa-typeform-wrapper {\n      min-height: 70vh;\n      height: 70vh;\n    }\n  }\n<\/style>\n\n<!-- 2. CONTAINER DO TYPEFORM -->\n<div id=\"yousa-typeform-wrapper\"\n     data-tf-live=\"01KP6Q9E12K9FQYVDBS0B721NS\"\n     data-tf-inline-on-mobile\n     data-tf-auto-resize=\"500,900\"\n     data-tf-transitive-search-params=\"utm_source,utm_medium,utm_campaign,utm_term,utm_content,utm_id,fbclid,gclid,ttclid,li_fat_id\"\n     data-tf-hidden=\"source_url,referrer,fbp,fbc,gclid,fbclid\"\n     data-tf-on-ready=\"yousa_tfReady\"\n     data-tf-on-started=\"yousa_tfStarted\"\n     data-tf-on-submit=\"yousa_tfSubmit\"\n     data-tf-on-question-changed=\"yousa_tfQuestion\"\n><\/div>\n\n<!-- 3. CALLBACKS + DATALAYER PUSH -->\n<script>\n(function(){\n  \/* \u2014\u2014\u2014 Helpers \u2014\u2014\u2014 *\/\n  function getCookie(name) {\n    var v = document.cookie.match('(^|;)\\\\s*' + name + '\\\\s*=\\\\s*([^;]+)');\n    return v ? decodeURIComponent(v.pop()) : '';\n  }\n  function getParam(name) {\n    var url = new URL(window.location.href);\n    return url.searchParams.get(name) || '';\n  }\n  function generateEventId() {\n    return 'xxxxxxxx-xxxx-4xxx-yxxx-xxxxxxxxxxxx'.replace(\/[xy]\/g, function(c) {\n      var r = Math.random() * 16 | 0;\n      var v = c === 'x' ? r : (r & 0x3 | 0x8);\n      return v.toString(16);\n    });\n  }\n\n  \/* \u2014\u2014\u2014 Preencher hidden fields dinamicamente \u2014\u2014\u2014 *\/\n  var wrapper = document.getElementById('yousa-typeform-wrapper');\n  if (wrapper) {\n    var hiddens = [];\n    hiddens.push('source_url=' + encodeURIComponent(window.location.href));\n    hiddens.push('referrer=' + encodeURIComponent(document.referrer));\n    var fbp = getCookie('_fbp');\n    var fbc = getCookie('_fbc');\n    if (fbp) hiddens.push('fbp=' + encodeURIComponent(fbp));\n    if (fbc) hiddens.push('fbc=' + encodeURIComponent(fbc));\n    var gclid = getParam('gclid');\n    var fbclid = getParam('fbclid');\n    if (gclid) hiddens.push('gclid=' + encodeURIComponent(gclid));\n    if (fbclid) hiddens.push('fbclid=' + encodeURIComponent(fbclid));\n    wrapper.setAttribute('data-tf-hidden', hiddens.join(','));\n  }\n\n  \/* \u2014\u2014\u2014 Garantir dataLayer existe \u2014\u2014\u2014 *\/\n  window.dataLayer = window.dataLayer || [];\n\n  \/* \u2014\u2014\u2014 Callbacks globais \u2014\u2014\u2014 *\/\n  window.yousa_tfReady = function(payload) {\n    window.dataLayer.push({\n      'event': 'typeform_ready',\n      'form_id': payload.formId\n    });\n  };\n\n  \/\/ ALTERADO: era 'typeform_started' \u2192 agora 'typeform_start'\n  window.yousa_tfStarted = function(payload) {\n    window.dataLayer.push({\n      'event': 'typeform_start',\n      'form_id': payload.formId,\n      'typeform_response_id': payload.responseId\n    });\n  };\n\n  \/\/ ALTERADO: form_name padronizado para coincidir com o GTM\n  window.yousa_tfSubmit = function(payload) {\n    var eventId = generateEventId();\n    window.dataLayer.push({\n      'event': 'typeform_submit',\n      'form_id': 'Lc8LON3R',\n      'form_name': 'Calculadora Elegibilidade',\n      'typeform_response_id': payload.responseId,\n      'event_id': eventId\n    });\n  };\n\n  window.yousa_tfQuestion = function(payload) {\n    window.dataLayer.push({\n      'event': 'typeform_question_changed',\n      'form_id': payload.formId,\n      'typeform_question_ref': payload.ref\n    });\n  };\n})();\n<\/script>\n\n<!-- 4. EMBED SDK DO TYPEFORM (sempre por \u00faltimo!) -->\n<script src=\"\/\/embed.typeform.com\/next\/embed.js\"><\/script>\n\n\n\n<p><\/p>\n","protected":false},"excerpt":{"rendered":"","protected":false},"author":4,"featured_media":1525,"parent":0,"menu_order":0,"comment_status":"closed","ping_status":"closed","template":"elementor_canvas","meta":{"content-type":"","footnotes":""},"class_list":["post-1490","page","type-page","status-publish","has-post-thumbnail","hentry"],"yoast_head":"<!-- This site is optimized with the Yoast SEO Premium plugin v27.5 (Yoast SEO v27.5) - https:\/\/yoast.com\/product\/yoast-seo-premium-wordpress\/ -->\n<title>Green Card: Tudo que Voc\u00ea Precisa Saber - YOUSA Law Firm<\/title>\n<meta name=\"description\" content=\"Saiba como obter o Green Card e quais s\u00e3o os benef\u00edcios de ter um Green Card nos EUA em 2 minutos, preenchendo a calculadora de elegibilidade.\" \/>\n<meta name=\"robots\" content=\"index, follow, max-snippet:-1, max-image-preview:large, max-video-preview:-1\" \/>\n<link rel=\"canonical\" href=\"https:\/\/yousalaw.com\/en\/elegibilidade\/\" \/>\n<meta property=\"og:locale\" content=\"en_US\" \/>\n<meta property=\"og:type\" content=\"article\" \/>\n<meta property=\"og:title\" content=\"Green Card: Tudo que Voc\u00ea Precisa Saber - YOUSA Law Firm\" \/>\n<meta property=\"og:description\" content=\"Saiba como obter o Green Card e quais s\u00e3o os benef\u00edcios de ter um Green Card nos EUA em 2 minutos, preenchendo a calculadora de elegibilidade.\" \/>\n<meta property=\"og:url\" content=\"https:\/\/yousalaw.com\/en\/elegibilidade\/\" \/>\n<meta property=\"og:site_name\" content=\"YOUSA LAW FIRM\" \/>\n<meta property=\"article:publisher\" content=\"https:\/\/www.facebook.com\/profile.php?id=100083304372768\" \/>\n<meta property=\"article:modified_time\" content=\"2026-04-29T13:35:45+00:00\" \/>\n<meta property=\"og:image\" content=\"https:\/\/yousalaw.com\/wp-content\/uploads\/2026\/02\/WhatsApp-Image-2026-02-10-at-12.37.56.jpeg\" \/>\n\t<meta property=\"og:image:width\" content=\"1455\" \/>\n\t<meta property=\"og:image:height\" content=\"776\" \/>\n\t<meta property=\"og:image:type\" content=\"image\/jpeg\" \/>\n<meta name=\"twitter:card\" content=\"summary_large_image\" \/>\n<meta name=\"twitter:title\" content=\"Green Card: Tudo que Voc\u00ea Precisa Saber - YOUSA Law Firm\" \/>\n<meta name=\"twitter:description\" content=\"Saiba como obter o Green Card e quais s\u00e3o os benef\u00edcios de ter um Green Card nos EUA em 2 minutos, preenchendo a calculadora de elegibilidade.\" \/>\n<meta name=\"twitter:label1\" content=\"Est. reading time\" \/>\n\t<meta name=\"twitter:data1\" content=\"1 minute\" \/>\n<script type=\"application\/ld+json\" class=\"yoast-schema-graph\">{\"@context\":\"https:\\\/\\\/schema.org\",\"@graph\":[{\"@type\":\"WebPage\",\"@id\":\"https:\\\/\\\/yousalaw.com\\\/elegibilidade\\\/\",\"url\":\"https:\\\/\\\/yousalaw.com\\\/elegibilidade\\\/\",\"name\":\"Green Card: Tudo que Voc\u00ea Precisa Saber - YOUSA Law Firm\",\"isPartOf\":{\"@id\":\"https:\\\/\\\/yousalaw.com\\\/#website\"},\"primaryImageOfPage\":{\"@id\":\"https:\\\/\\\/yousalaw.com\\\/elegibilidade\\\/#primaryimage\"},\"image\":{\"@id\":\"https:\\\/\\\/yousalaw.com\\\/elegibilidade\\\/#primaryimage\"},\"thumbnailUrl\":\"https:\\\/\\\/yousalaw.com\\\/wp-content\\\/uploads\\\/2026\\\/02\\\/WhatsApp-Image-2026-02-10-at-12.35.03.jpeg\",\"datePublished\":\"2026-02-06T18:53:17+00:00\",\"dateModified\":\"2026-04-29T13:35:45+00:00\",\"description\":\"Saiba como obter o Green Card e quais s\u00e3o os benef\u00edcios de ter um Green Card nos EUA em 2 minutos, preenchendo a calculadora de elegibilidade.\",\"breadcrumb\":{\"@id\":\"https:\\\/\\\/yousalaw.com\\\/elegibilidade\\\/#breadcrumb\"},\"inLanguage\":\"en-US\",\"potentialAction\":[{\"@type\":\"ReadAction\",\"target\":[\"https:\\\/\\\/yousalaw.com\\\/elegibilidade\\\/\"]}]},{\"@type\":\"ImageObject\",\"inLanguage\":\"en-US\",\"@id\":\"https:\\\/\\\/yousalaw.com\\\/elegibilidade\\\/#primaryimage\",\"url\":\"https:\\\/\\\/yousalaw.com\\\/wp-content\\\/uploads\\\/2026\\\/02\\\/WhatsApp-Image-2026-02-10-at-12.35.03.jpeg\",\"contentUrl\":\"https:\\\/\\\/yousalaw.com\\\/wp-content\\\/uploads\\\/2026\\\/02\\\/WhatsApp-Image-2026-02-10-at-12.35.03.jpeg\",\"width\":573,\"height\":473},{\"@type\":\"BreadcrumbList\",\"@id\":\"https:\\\/\\\/yousalaw.com\\\/elegibilidade\\\/#breadcrumb\",\"itemListElement\":[{\"@type\":\"ListItem\",\"position\":1,\"name\":\"In\u00edcio\",\"item\":\"https:\\\/\\\/yousalaw.com\\\/\"},{\"@type\":\"ListItem\",\"position\":2,\"name\":\"Calculadora de Elegibilidade\"}]},{\"@type\":\"WebSite\",\"@id\":\"https:\\\/\\\/yousalaw.com\\\/#website\",\"url\":\"https:\\\/\\\/yousalaw.com\\\/\",\"name\":\"YOUSA LAW FIRM\",\"description\":\"Somos um escrit\u00f3rio de advocacia especializado em direito de imigra\u00e7\u00e3o, liderado pelo advogado Dr. Ot\u00e1vio Haverroth Silva, licenciado tanto pelo California Bar Association quanto pela Ordem dos Advogados do Brasil. Al\u00e9m disso, somos membro da AILA (American Immigration Lawyers Association), o que assegura que nossas pr\u00e1ticas de imigra\u00e7\u00e3o estejam sempre alinhadas com as mais recentes pol\u00edticas e regulamenta\u00e7\u00f5es dos Estados Unidos.\",\"publisher\":{\"@id\":\"https:\\\/\\\/yousalaw.com\\\/#organization\"},\"potentialAction\":[{\"@type\":\"SearchAction\",\"target\":{\"@type\":\"EntryPoint\",\"urlTemplate\":\"https:\\\/\\\/yousalaw.com\\\/?s={search_term_string}\"},\"query-input\":{\"@type\":\"PropertyValueSpecification\",\"valueRequired\":true,\"valueName\":\"search_term_string\"}}],\"inLanguage\":\"en-US\"},{\"@type\":\"Organization\",\"@id\":\"https:\\\/\\\/yousalaw.com\\\/#organization\",\"name\":\"YOUSA LAW FIRM\",\"url\":\"https:\\\/\\\/yousalaw.com\\\/\",\"logo\":{\"@type\":\"ImageObject\",\"inLanguage\":\"en-US\",\"@id\":\"https:\\\/\\\/yousalaw.com\\\/#\\\/schema\\\/logo\\\/image\\\/\",\"url\":\"https:\\\/\\\/yousalaw.com\\\/wp-content\\\/uploads\\\/2025\\\/05\\\/Group-62.png\",\"contentUrl\":\"https:\\\/\\\/yousalaw.com\\\/wp-content\\\/uploads\\\/2025\\\/05\\\/Group-62.png\",\"width\":512,\"height\":512,\"caption\":\"YOUSA LAW FIRM\"},\"image\":{\"@id\":\"https:\\\/\\\/yousalaw.com\\\/#\\\/schema\\\/logo\\\/image\\\/\"},\"sameAs\":[\"https:\\\/\\\/www.facebook.com\\\/profile.php?id=100083304372768\",\"https:\\\/\\\/www.instagram.com\\\/yousalawfirm\\\/\",\"https:\\\/\\\/www.youtube.com\\\/@YOUSALawFirm\",\"https:\\\/\\\/www.linkedin.com\\\/company\\\/yousalawfirm\\\/?viewAsMember=true\"]}]}<\/script>\n<!-- \/ Yoast SEO Premium plugin. -->","yoast_head_json":{"title":"Green Card: Tudo que Voc\u00ea Precisa Saber - YOUSA Law Firm","description":"Saiba como obter o Green Card e quais s\u00e3o os benef\u00edcios de ter um Green Card nos EUA em 2 minutos, preenchendo a calculadora de elegibilidade.","robots":{"index":"index","follow":"follow","max-snippet":"max-snippet:-1","max-image-preview":"max-image-preview:large","max-video-preview":"max-video-preview:-1"},"canonical":"https:\/\/yousalaw.com\/en\/elegibilidade\/","og_locale":"en_US","og_type":"article","og_title":"Green Card: Tudo que Voc\u00ea Precisa Saber - YOUSA Law Firm","og_description":"Saiba como obter o Green Card e quais s\u00e3o os benef\u00edcios de ter um Green Card nos EUA em 2 minutos, preenchendo a calculadora de elegibilidade.","og_url":"https:\/\/yousalaw.com\/en\/elegibilidade\/","og_site_name":"YOUSA LAW FIRM","article_publisher":"https:\/\/www.facebook.com\/profile.php?id=100083304372768","article_modified_time":"2026-04-29T13:35:45+00:00","og_image":[{"width":1455,"height":776,"url":"https:\/\/yousalaw.com\/wp-content\/uploads\/2026\/02\/WhatsApp-Image-2026-02-10-at-12.37.56.jpeg","type":"image\/jpeg"}],"twitter_card":"summary_large_image","twitter_title":"Green Card: Tudo que Voc\u00ea Precisa Saber - YOUSA Law Firm","twitter_description":"Saiba como obter o Green Card e quais s\u00e3o os benef\u00edcios de ter um Green Card nos EUA em 2 minutos, preenchendo a calculadora de elegibilidade.","twitter_misc":{"Est. reading time":"1 minute"},"schema":{"@context":"https:\/\/schema.org","@graph":[{"@type":"WebPage","@id":"https:\/\/yousalaw.com\/elegibilidade\/","url":"https:\/\/yousalaw.com\/elegibilidade\/","name":"Green Card: Tudo que Voc\u00ea Precisa Saber - YOUSA Law Firm","isPartOf":{"@id":"https:\/\/yousalaw.com\/#website"},"primaryImageOfPage":{"@id":"https:\/\/yousalaw.com\/elegibilidade\/#primaryimage"},"image":{"@id":"https:\/\/yousalaw.com\/elegibilidade\/#primaryimage"},"thumbnailUrl":"https:\/\/yousalaw.com\/wp-content\/uploads\/2026\/02\/WhatsApp-Image-2026-02-10-at-12.35.03.jpeg","datePublished":"2026-02-06T18:53:17+00:00","dateModified":"2026-04-29T13:35:45+00:00","description":"Saiba como obter o Green Card e quais s\u00e3o os benef\u00edcios de ter um Green Card nos EUA em 2 minutos, preenchendo a calculadora de elegibilidade.","breadcrumb":{"@id":"https:\/\/yousalaw.com\/elegibilidade\/#breadcrumb"},"inLanguage":"en-US","potentialAction":[{"@type":"ReadAction","target":["https:\/\/yousalaw.com\/elegibilidade\/"]}]},{"@type":"ImageObject","inLanguage":"en-US","@id":"https:\/\/yousalaw.com\/elegibilidade\/#primaryimage","url":"https:\/\/yousalaw.com\/wp-content\/uploads\/2026\/02\/WhatsApp-Image-2026-02-10-at-12.35.03.jpeg","contentUrl":"https:\/\/yousalaw.com\/wp-content\/uploads\/2026\/02\/WhatsApp-Image-2026-02-10-at-12.35.03.jpeg","width":573,"height":473},{"@type":"BreadcrumbList","@id":"https:\/\/yousalaw.com\/elegibilidade\/#breadcrumb","itemListElement":[{"@type":"ListItem","position":1,"name":"In\u00edcio","item":"https:\/\/yousalaw.com\/"},{"@type":"ListItem","position":2,"name":"Calculadora de Elegibilidade"}]},{"@type":"WebSite","@id":"https:\/\/yousalaw.com\/#website","url":"https:\/\/yousalaw.com\/","name":"YOUSA LAW FIRM","description":"We are a law firm specialized in immigration law, led by attorney Dr. Ot\u00e1vio Haverroth Silva, who is licensed by both the California Bar Association and the Brazilian Bar Association. Additionally, we are a member of AILA (American Immigration Lawyers Association), ensuring that our immigration practices are always aligned with the latest U.S. policies and regulations.","publisher":{"@id":"https:\/\/yousalaw.com\/#organization"},"potentialAction":[{"@type":"SearchAction","target":{"@type":"EntryPoint","urlTemplate":"https:\/\/yousalaw.com\/?s={search_term_string}"},"query-input":{"@type":"PropertyValueSpecification","valueRequired":true,"valueName":"search_term_string"}}],"inLanguage":"en-US"},{"@type":"Organization","@id":"https:\/\/yousalaw.com\/#organization","name":"YOUSA LAW FIRM","url":"https:\/\/yousalaw.com\/","logo":{"@type":"ImageObject","inLanguage":"en-US","@id":"https:\/\/yousalaw.com\/#\/schema\/logo\/image\/","url":"https:\/\/yousalaw.com\/wp-content\/uploads\/2025\/05\/Group-62.png","contentUrl":"https:\/\/yousalaw.com\/wp-content\/uploads\/2025\/05\/Group-62.png","width":512,"height":512,"caption":"YOUSA LAW FIRM"},"image":{"@id":"https:\/\/yousalaw.com\/#\/schema\/logo\/image\/"},"sameAs":["https:\/\/www.facebook.com\/profile.php?id=100083304372768","https:\/\/www.instagram.com\/yousalawfirm\/","https:\/\/www.youtube.com\/@YOUSALawFirm","https:\/\/www.linkedin.com\/company\/yousalawfirm\/?viewAsMember=true"]}]}},"_links":{"self":[{"href":"https:\/\/yousalaw.com\/en\/wp-json\/wp\/v2\/pages\/1490","targetHints":{"allow":["GET"]}}],"collection":[{"href":"https:\/\/yousalaw.com\/en\/wp-json\/wp\/v2\/pages"}],"about":[{"href":"https:\/\/yousalaw.com\/en\/wp-json\/wp\/v2\/types\/page"}],"author":[{"embeddable":true,"href":"https:\/\/yousalaw.com\/en\/wp-json\/wp\/v2\/users\/4"}],"replies":[{"embeddable":true,"href":"https:\/\/yousalaw.com\/en\/wp-json\/wp\/v2\/comments?post=1490"}],"version-history":[{"count":0,"href":"https:\/\/yousalaw.com\/en\/wp-json\/wp\/v2\/pages\/1490\/revisions"}],"wp:featuredmedia":[{"embeddable":true,"href":"https:\/\/yousalaw.com\/en\/wp-json\/wp\/v2\/media\/1525"}],"wp:attachment":[{"href":"https:\/\/yousalaw.com\/en\/wp-json\/wp\/v2\/media?parent=1490"}],"curies":[{"name":"wp","href":"https:\/\/api.w.org\/{rel}","templated":true}]}}